{"id":349,"date":"2024-09-20T09:27:54","date_gmt":"2024-09-20T09:27:54","guid":{"rendered":"https:\/\/solarchallenge.lu\/mentions-legales\/"},"modified":"2024-09-26T14:53:14","modified_gmt":"2024-09-26T14:53:14","slug":"mentions-legales","status":"publish","type":"page","link":"https:\/\/solarchallenge.lu\/de\/mentions-legales\/","title":{"rendered":"Impressum"},"content":{"rendered":"\n<p>Der Klimapakt ist ein Programm des luxemburgischen Ministeriums f\u00fcr Umwelt, Klima und nachhaltige Entwicklung. Die Website pacteclimat.lu wird von My Energy G.I.E., der nationalen Struktur zur F\u00f6rderung einer nachhaltigen Energiewende, implementiert und betrieben.<\/p>\n\n\n\n<p>Der Verfasser und Betreiber der Website ist:<\/p>\n\n\n\n<blockquote class=\"wp-block-quote is-layout-flow wp-block-quote-is-layout-flow\">\n<p>My Energy G.I.E.<br>N\u00b0RCS : C84<br>N\u00b0TVA : LU22888768<br>Adresse : 28, rue Glesener<br>L-1630 Luxemburg<br>T\u00e9l. : +352 40 66 58<br>E-mail : info[at]myenergy.lu<br>Hosting-Anbieter: e-biz Internet Solutions<\/p>\n<\/blockquote>\n\n\n\n<p>Diese allgemeinen Nutzungsbedingungen unterliegen dem luxemburgischen Recht und regeln die Nutzung der Website. Bei jedem Benutzer, der auf die Website zugreift und sie abruft, wird vorausgesetzt, dass er diese Nutzungsbedingungen akzeptiert hat und sich an deren Bestimmungen halten muss. Die vorliegenden Bestimmungen k\u00f6nnen jederzeit ge\u00e4ndert werden.<\/p>\n\n\n\n<h3 class=\"wp-block-heading\">Verantwortung<\/h3>\n\n\n\n<p>Benutzer verwenden die Website und ihre Dienstleistungen auf eigenes Risiko und in eigener Verantwortung. My Energy G.I.E. kann nicht garantieren, dass die Website und ihre Dienste in keiner Weise unterbrochen werden.<\/p>\n\n\n\n<p>Da der Benutzer auf die Website \u00fcber die Internet-Kommunikationsnetze zugreift, liegt es an ihm, die Risiken zu beachten und sie zu akzeptieren. Es liegt in der Verantwortung des Benutzers, sich gegen die Auswirkungen der Computer-Piraterie zu sch\u00fctzen, indem er eine angepasste und sichere Rechnerkonfiguration einsetzt, insbesondere durch eine regelm\u00e4\u00dfig aktualisierte Virenerkennungs- und Schutzssoftware. My Energy G.I.E. kann nicht f\u00fcr Sch\u00e4den haftbar gemacht werden, die direkt oder indirekt im Zusammenhang mit der Nutzung der Website entstehen k\u00f6nnen.<\/p>\n\n\n\n<p>Der Inhalt der Website wird zu Informationszwecken angegeben. My Energy G.I.E. ist nicht verantwortlich f\u00fcr die Verwendung von Informationen, die von dieser Website stammen. My Energy G.I.E. lehnt jede Verantwortung f\u00fcr unvollst\u00e4ndige, veraltete, falsche oder qualitativ schlechte Informationen ab. Trotz aller Sorgfalt, die darauf verwendet wird, diese Website st\u00e4ndig zu aktualisieren, kann My Energy G.I.E. nicht f\u00fcr die Folgen von rechtlichen oder regulatorischen \u00c4nderungen nach der Online-Ver\u00f6ffentlichung von Informationen verantwortlich gemacht werden.<\/p>\n\n\n\n<p>Die vorliegende Website kann Hypertext-Links zu Websites enthalten, die von Dritten verwaltet werden. My Energy G.I.E. kann nicht f\u00fcr den Inhalt dieser Seiten verantwortlich gemacht werden, auf welchen verwiesen wird<\/p>\n\n\n\n<p>My Energy G.I.E. lehnt jede Verantwortung im Falle der Nutzung der auf der Website ver\u00f6ffentlichten Informationen durch Dritte ab.<\/p>\n\n\n\n<div style=\"height:40px\" aria-hidden=\"true\" class=\"wp-block-spacer\"><\/div>\n\n\n\n<h3 class=\"wp-block-heading\">Copyright<\/h3>\n\n\n\n<p>Alle Elemente und Inhalte, aus denen die Website pacteclimat.lu besteht, sind durch das Urheberrecht gesch\u00fctzt.<\/p>\n\n\n\n<p>Sofern nicht anders angegeben, ist die Weiterverwendung der auf der Website pacteclimat.lu enthaltenen Informationen nur mit vorheriger schriftlicher Zustimmung von My Energy G.I.E. gestattet. Diese Bestimmung gilt nicht f\u00fcr Informationen auf der Website, die Eigentum Dritter sind.\u00a0 Die Genehmigung zur Vervielf\u00e4ltigung dieser Materialien muss beim Urheberrechtsinhaber beantragt werden.<\/p>\n\n\n\n<div style=\"height:40px\" aria-hidden=\"true\" class=\"wp-block-spacer\"><\/div>\n\n\n\n<h3 class=\"wp-block-heading\">Schutz der Privatsph\u00e4re<\/h3>\n\n\n\n<p>Bez\u00fcglich der Verarbeitung personenbezogener Daten und Cookies der Website verweisen wir auf den Abschnitt Datenschutz.<\/p>\n","protected":false},"excerpt":{"rendered":"<p>Der Klimapakt ist ein Programm des luxemburgischen Ministeriums f\u00fcr Umwelt, Klima und nachhaltige Entwicklung. Die Website pacteclimat.lu wird von My Energy G.I.E., der nationalen Struktur zur F\u00f6rderung einer nachhaltigen Energiewende, implementiert und betrieben. Der Verfasser und Betreiber der Website ist: My Energy G.I.E.N\u00b0RCS : C84N\u00b0TVA : LU22888768Adresse : 28, rue GlesenerL-1630 LuxemburgT\u00e9l. : +352 40 [&hellip;]<\/p>\n","protected":false},"author":1,"featured_media":0,"parent":0,"menu_order":0,"comment_status":"closed","ping_status":"closed","template":"template-normal.php","meta":{"_acf_changed":false,"footnotes":""},"class_list":["post-349","page","type-page","status-publish","hentry"],"acf":[],"_links":{"self":[{"href":"https:\/\/solarchallenge.lu\/de\/wp-json\/wp\/v2\/pages\/349","targetHints":{"allow":["GET"]}}],"collection":[{"href":"https:\/\/solarchallenge.lu\/de\/wp-json\/wp\/v2\/pages"}],"about":[{"href":"https:\/\/solarchallenge.lu\/de\/wp-json\/wp\/v2\/types\/page"}],"author":[{"embeddable":true,"href":"https:\/\/solarchallenge.lu\/de\/wp-json\/wp\/v2\/users\/1"}],"replies":[{"embeddable":true,"href":"https:\/\/solarchallenge.lu\/de\/wp-json\/wp\/v2\/comments?post=349"}],"version-history":[{"count":1,"href":"https:\/\/solarchallenge.lu\/de\/wp-json\/wp\/v2\/pages\/349\/revisions"}],"predecessor-version":[{"id":351,"href":"https:\/\/solarchallenge.lu\/de\/wp-json\/wp\/v2\/pages\/349\/revisions\/351"}],"wp:attachment":[{"href":"https:\/\/solarchallenge.lu\/de\/wp-json\/wp\/v2\/media?parent=349"}],"curies":[{"name":"wp","href":"https:\/\/api.w.org\/{rel}","templated":true}]}}