{"id":341,"date":"2024-09-18T14:41:41","date_gmt":"2024-09-18T14:41:41","guid":{"rendered":"https:\/\/solarchallenge.lu\/klima-agence\/"},"modified":"2025-03-19T13:58:17","modified_gmt":"2025-03-19T13:58:17","slug":"klima-agence","status":"publish","type":"page","link":"https:\/\/solarchallenge.lu\/de\/klima-agence\/","title":{"rendered":"Klima-Agence"},"content":{"rendered":"<div class=\"bloc-contenuflex\"><div class=\"wrapper\"><div class=\"row\"><div class=\"col-xs-12\"><div class=\"bloc-contenuflex-text\"><p>Klima-Agence bietet verschiedene Dienstleistungen an, um die Gemeinden beim Ausbau der Solarinfrastruktur zu unterst\u00fctzen. Erfahren Sie, wie wir Ihre Gemeinde bei der Umstellung auf erneuerbare Energien unterst\u00fctzen k\u00f6nnen.<\/p>\n<\/div><\/div><\/div><\/div><\/div>\n\n\n<div class=\"blocTE \">\n\t<div class=\"wrapper\">\n\t\t<div class=\"row\">\n\n\t\t\t<div class=\"col-xs-12 col-md-10 col-md-offset-1 blocTE-content\">\n        \t\t\t\t<div class=\"blocTE-element rayons  reveal reveal-visible-1\">\n                      <img decoding=\"async\" src=\"https:\/\/solarchallenge.lu\/wp-content\/themes\/solarchallenge\/elements\/sc_rayons_Blue.svg\" alt=\"\">\n          \t\t\t\t<\/div>\n                          <div class=\"blocTE-title  reveal reveal-visible-2\">\n            <h2 class=\"color-primary\"><p>Sensibilisierung und Information<\/p>\n<\/h2>\n          <\/div>\n                \t\t\t<\/div>\n\n\t\t<\/div>\n\t<\/div>\n<\/div>\n\n\n<div class=\"blocIT \">\n    <div class=\"wrapper\">\n    <div class=\"row   start-xs\">\n        <div class=\"col-xs-12 col-md-5 reveal reveal-visible-1\">\n                         <h2 class=\"bloc-title\"><p>Ma\u00dfgeschneiderte Tools zur Sensibilisierung: <strong>die Toolbox von Klima-Agence<\/strong><\/p>\n<\/h2>             <p class=\"bloc-txt\"><p>Klima-Agence bietet ma\u00dfgeschneiderte Tools, um Ihre B\u00fcrger f\u00fcr die verschiedenen Aspekte der Solarenergie zu sensibilisieren, darunter:<\/p>\n<ul>\n<li>Thematische Artikel zum Thema Eigenverbrauch und Balkonkraftwerk etc.<\/li>\n<li>praktische Hinweise in Form von Infotips<\/li>\n<li>Ank\u00fcndigungen f\u00fcr Ihre Gemeindebl\u00e4tter.<\/li>\n<\/ul>\n<p>Jegliche Hilfsmittel k\u00f6nnen mit dem Logo Ihrer Gemeinde personalisiert werden. Sie k\u00f6nnen Ihre Anfragen an <a href=\"mailto:benoit.hocq@klima-agence.lu\" target=\"_blank\" rel=\"noopener\">Benoit Hocq<\/a> richten.<\/p>\n<\/p>                    <\/div>\n        <div class=\"col-xs-12 col-md-7 reveal reveal-visible-2\">\n                        <div class=\"blocIT-img\">\n                    <img decoding=\"async\" src=\"https:\/\/solarchallenge.lu\/wp-content\/uploads\/2024\/09\/AdobeStock_625847979-scaled.jpeg\" alt=\"\">\n                <\/div>\n                \n        <\/div>\n<\/div>\n            <\/div>\n<\/div>\n\n<div class=\"bloc-contenuflex\"><div class=\"wrapper\"><div class=\"row\"><div class=\"col-xs-12\"><div class=\"bloc-contenuflex-title\"><h3>Energiegrundberatung durch Klima-Agence<\/h3><\/div><div class=\"bloc-contenuflex-text\"><p>Unsere Berater k\u00f6nnen die Bewohner in ihren H\u00e4usern aufsuchen oder ihre Fragen telefonisch unter 8002 11 90 beantworten. Dieser Service ist neutral und kostenlos. Die Gemeinden k\u00f6nnen auch die Organisation einer speziellen Woche beantragen, in der Beratungen zu Hause \u00fcber die Erzeugung von Solarstrom angeboten werden.<\/p>\n<\/div><\/div><\/div><\/div><\/div>\n\n<div class=\"bloc-contenuflex\"><div class=\"wrapper\"><div class=\"row\"><div class=\"col-xs-12\"><div class=\"bloc-contenuflex-title\"><h3>F\u00f6rderprogramm f\u00fcr die Installation von Solarmodulen<\/h3><\/div><div class=\"bloc-contenuflex-text\"><h4><strong>Staatliches F\u00f6rderprogramm \u201eKlimabonus\u201c: Fokus auf Solarenergie!<\/strong><\/h4>\n<p>Ab dem 1. Oktober 2024 deckt das F\u00f6rderprogramm \u201eKlimabonus\u201c der luxemburgischen Regierung 50 % der Kosten f\u00fcr die Installation von Photovoltaikmodulen (&lt; 30 kW<sub>P<\/sub>) mit einer Obergrenze von 1.250 \u20ac pro kW<sub>P<\/sub>. Laden Sie Ihre B\u00fcrger ein, den Beihilfensimulator von Klima-Agence auf <a href=\"https:\/\/aides.klima-agence.lu\/?lng=de\" target=\"_blank\" rel=\"noopener\">beihilfen.klima-agence.lu<\/a> zu verwenden, um die verf\u00fcgbaren Beihilfen zu entdecken, ob staatlich, kommunal oder vom Energieversorger.<\/p>\n<h4><strong>Musterreglement f\u00fcr kommunale Beihilfen<\/strong><\/h4>\n<p>Um Ihnen die Arbeit zu erleichtern, bietet Ihnen Klima-Agence auch ein Musterreglement f\u00fcr die kommunalen Beihilfen an.<\/p>\n<h4><strong>Beihilfen f\u00fcr gro\u00dfe Solaranlagen<\/strong><\/h4>\n<p>F\u00fcr gr\u00f6\u00dfere Anlagen (&gt; 30 kW<sub>P<\/sub>) gibt es auch andere Investitions- und Betriebsbeihilfen.\u00a0 Im Laufe des Sommers 2024 wurden zwei neue Ausschreibungen zur F\u00f6rderung der Stromerzeugung aus Photovoltaikanlagen ver\u00f6ffentlicht. Erfahren Sie mehr \u00fcber die <a href=\"https:\/\/www.klima-agence.lu\/de\/zwei-neue-projektausschreibungen-fuer-unternehmen-zur-foerderung-der-stromerzeugung-aus\" target=\"_blank\" rel=\"noopener\">Bedingungen dieser neuen Ausschreibungen f\u00fcr Photovoltaik-Projekte<\/a>.<\/p>\n<\/div><\/div><\/div><\/div><\/div>\n\n<div class=\"bloc-contenuflex\"><div class=\"wrapper\"><div class=\"row\"><div class=\"col-xs-12\"><div class=\"bloc-contenuflex-title\"><h3>Schritte und Verbrauchsarten von Photovoltaik-Strom<\/h3><\/div><div class=\"bloc-contenuflex-text\"><p>Besuchen Sie <a href=\"https:\/\/klima-agence.lu\/de\/pv-vorteile\" target=\"_blank\" rel=\"noopener\">klima-agence.lu\/pv<\/a> f\u00fcr detaillierte Informationen \u00fcber die verschiedenen Arten des Eigenverbrauchs (individuell, kollektiv oder Energiegemeinschaft), die Einspeisetarife und die Schritte zur Umsetzung Ihres Projekts.<\/p>\n<\/div><div class=\"bloc-contenuflex-button\"><a href=\"https:\/\/klima-agence.lu\/de\/pv-vorteile\" target=\"_blank\" class=\"button\">Mehr dazu auf Klima-Agence.lu\/PV<\/a><\/div><\/div><\/div><\/div><\/div>\n\n\n<div class=\"blocTE \">\n\t<div class=\"wrapper\">\n\t\t<div class=\"row\">\n\n\t\t\t<div class=\"col-xs-12 col-md-10 col-md-offset-1 blocTE-content\">\n        \t\t\t\t<div class=\"blocTE-element rayons  reveal reveal-visible-1\">\n                      <img decoding=\"async\" src=\"https:\/\/solarchallenge.lu\/wp-content\/themes\/solarchallenge\/elements\/sc_rayons_Blue.svg\" alt=\"\">\n          \t\t\t\t<\/div>\n                          <div class=\"blocTE-title  reveal reveal-visible-2\">\n            <h2 class=\"color-primary\"><p>Planung von Solaranlagenprojekten<\/p>\n<\/h2>\n          <\/div>\n                          <div class=\"blocTE-texte  reveal reveal-visible-3\">\n            <p>Klima-Agence gibt Ihnen Zugang zu praktischen Tools, um die Installation von Solarmodulen f\u00fcr Wohnh\u00e4user, Betriebe, landwirtschaftliche und kommunale Geb\u00e4ude zu planen.<\/p>\n          <\/div>\n        \t\t\t<\/div>\n\n\t\t<\/div>\n\t<\/div>\n<\/div>\n\n\n<div class=\"blocIT \">\n    <div class=\"wrapper\">\n    <div class=\"row reverse  start-xs\">\n        <div class=\"col-xs-12 col-md-5 reveal reveal-visible-1\">\n                         <h2 class=\"bloc-title\"><p>Klimapakt: <strong>Die rechtlichen Aspekte im Zusammenhang mit der Solarenergie vereinfachen<\/strong><\/p>\n<\/h2>             <p class=\"bloc-txt\"><p>Die Unterst\u00fctzung, die Sie im Rahmen des Programms \u201eKlimapakt\u201c erhalten, konzentriert sich regelm\u00e4\u00dfig auf die rechtlichen Aspekte, um das Verst\u00e4ndnis und die Installation von Solaranlagen zu erleichtern.  <\/p>\n<p>Indem Sie Ihre kommunalen Vorschriften auf der Grundlage der aktuellen Rundschreiben anpassen, f\u00f6rdern Sie die Entwicklung erneuerbarer Energien in Ihrem Gebiet.<\/p>\n<\/p>                    <\/div>\n        <div class=\"col-xs-12 col-md-7 reveal reveal-visible-2\">\n                        <div class=\"blocIT-img\">\n                    <img decoding=\"async\" src=\"https:\/\/solarchallenge.lu\/wp-content\/uploads\/2024\/09\/AdobeStock_669117731-scaled.jpeg\" alt=\"\">\n                <\/div>\n                \n        <\/div>\n<\/div>\n            <\/div>\n<\/div>\n\n<div class=\"bloc-contenuflex\"><div class=\"wrapper\"><div class=\"row\"><div class=\"col-xs-12\"><div class=\"bloc-contenuflex-title\"><h3>Nationales Solarkataster<\/h3><\/div><div class=\"bloc-contenuflex-text\"><p>Empfehlen Sie Ihren B\u00fcrgern das nationale Solarkataster. Beim Besuch von <a href=\"https:\/\/map.geoportail.lu\/theme\/energie?version=3&amp;zoom=10&amp;X=688719&amp;Y=6408418&amp;lang=de&amp;rotation=0&amp;layers=&amp;opacities=&amp;time=&amp;bgLayer=basemap_2015_global\">energie.geoportail.lu<\/a> k\u00f6nnen Nutzer:<\/p>\n<ul>\n<li>feststellen, ob ihr Dach f\u00fcr Solarmodule geeignet ist<\/li>\n<li>die Tarifkategorie f\u00fcr die Einspeisung oder den Eigenverbrauch von Strom ermitteln<\/li>\n<li>die verf\u00fcgbare Fl\u00e4che und die potenzielle Leistung sch\u00e4tzen.<\/li>\n<\/ul>\n<p>Dieses Tool kann auch konfiguriert werden, um die Rentabilit\u00e4t von Anlagen zu bewerten, sei es f\u00fcr den privaten Betrieb oder als Energiekooperative. Die personalisierten Ergebnisse k\u00f6nnen im PDF-Format heruntergeladen werden.<\/p>\n<\/div><\/div><\/div><\/div><\/div>\n\n<div class=\"bloc-contenuflex\"><div class=\"wrapper\"><div class=\"row\"><div class=\"col-xs-12\"><div class=\"bloc-contenuflex-title\"><h3>Nutzen Sie Renovierungs- oder Baum\u00f6glichkeiten, um Solarmodule an Ihren Gemeindegeb\u00e4uden zu installieren<\/h3><\/div><div class=\"bloc-contenuflex-text\"><p>Unabh\u00e4ngig davon, ob es sich um eine Renovierung oder einen Neubau handelt, sollten Sie diese Gelegenheit nutzen, um die Effizienz Ihrer Geb\u00e4ude durch den Einbau von Solarmodulen zu optimieren.<br \/>\nDer auf energetische Sanierung spezialisierte Klimaberater wird Sie bei diesen Projekten unterst\u00fctzen. Und wenn Sie mit Auflagen zum Schutz des architektonischen Erbes konfrontiert sind, wird die INPA Sie unterst\u00fctzen und Ihr Projekt zum Erfolg f\u00fchren.<\/p>\n<p>Bei jedem Neubau sollte die Installation von Solarmodulen gef\u00f6rdert und standardisiert werden. Sie k\u00f6nnen auch die Installation von Solarmodulen an der Fassade in Betracht ziehen.<\/p>\n<h4><strong>Verbrauchsarten von Photovoltaik-Strom<\/strong><\/h4>\n<p>Diese Projekte werden auch f\u00fcr Ihre Gemeinde die M\u00f6glichkeit bieten, sich die richtigen Fragen zu stellen, um herauszufinden, welche <a href=\"https:\/\/www.klima-agence.lu\/de\/pv-vorteile\" target=\"_blank\" rel=\"noopener\">Art von Verbrauch<\/a> angewandt werden soll. Verbrauchen Sie den Strom selbst, teilen Sie ihn, installieren Sie Batterien usw.<\/p>\n<h4><strong>Nutzen Sie Beispiele von Solaranlagen aus anderen Gemeinden<\/strong><\/h4>\n<p>Zahlreiche <a href=\"https:\/\/pacteclimat.lu\/de\/best-practices\" target=\"_blank\" rel=\"noopener\">Beispiele f\u00fcr Best Practices<\/a>, die bereits in einigen Gemeinden eingef\u00fchrt wurden, k\u00f6nnen Sie inspirieren (Solar-Carports, Bushaltestelle&#8230;).<\/p>\n<\/div><\/div><\/div><\/div><\/div>\n\n<div class=\"bloc-contenuflex\"><div class=\"wrapper\"><div class=\"row\"><div class=\"col-xs-12\"><div class=\"bloc-contenuflex-title\"><h3>Gr\u00fcndung einer Solarenergiekooperative<\/h3><\/div><div class=\"bloc-contenuflex-text\"><p>F\u00fcr diejenigen, die in eine Energiekooperative investieren m\u00f6chten, bietet Klima-Agence eine <a href=\"https:\/\/www.klima-agence.lu\/de\/gruendung-energiekooperative\" target=\"_blank\" rel=\"noopener\">Beschreibung der detaillierten Schritte, der Modellstatuten zur Gr\u00fcndung einer Zivilgesellschaft oder Kooperative sowie einen Vergleich dieser Strukturen<\/a>.<\/p>\n<\/div><\/div><\/div><\/div><\/div>\n\n<div class=\"bloc-contenuflex\"><div class=\"wrapper\"><div class=\"row\"><div class=\"col-xs-12\"><div class=\"bloc-contenuflex-title\"><h3>Klimapakt fir Betriber<\/h3><\/div><div class=\"bloc-contenuflex-text\"><p>Die Informationsplattform <a href=\"https:\/\/www.klimapaktfirbetriber.lu\/de\/\" target=\"_blank\" rel=\"noopener\">Klimapakt fir Betriber<\/a> erm\u00f6glicht es Unternehmen in Ihrem Gebiet, von praktischen Ma\u00dfnahmen und innovativen L\u00f6sungen zu profitieren, um sie bei ihren Bem\u00fchungen um Dekarbonisierung und die Energiewende zu unterst\u00fctzen.<\/p>\n<\/div><div class=\"bloc-contenuflex-button\"><a href=\"https:\/\/www.klimapaktfirbetriber.lu\/de\/\" target=\"_blank\" class=\"button\">Klimapakt fir Betriber entdecken<\/a><\/div><\/div><\/div><\/div><\/div>\n\n<div class=\"bloc-contenuflex\"><div class=\"wrapper\"><div class=\"row\"><div class=\"col-xs-12\"><div class=\"bloc-contenuflex-title\"><h3>Akteure, die Unternehmen bei der Planung von Photovoltaikanlagen unterst\u00fctzen<\/h3><\/div><div class=\"bloc-contenuflex-text\"><h4><strong>Klima-Agence-Liste von Planungsunternehmen<\/strong><\/h4>\n<p>Unternehmen in Ihrem Gebiet haben potenzielle Fl\u00e4chen f\u00fcr die Installation einer Photovoltaikanlage? Klima-Agence stellt ihnen eine <a href=\"https:\/\/klima-agence.lu\/de\/unternehmen\/wir-begleiten-sie\/photovoltaik\/planungsunternehmen-fuer-grosse-photovoltaikprojekte\" target=\"_blank\" rel=\"noopener\">Partnerliste zur Verf\u00fcgung, um ihr Projekt zu planen, zu finanzieren und\/oder durchzuf\u00fchren<\/a>.<\/p>\n<h4><strong>Kartierung des \u00d6kosystems der Nachhaltigkeitsf\u00f6rderer in Luxemburg<\/strong><\/h4>\n<p>Luxinnovation verbindet Unternehmen mit Anbietern von L\u00f6sungen und hat eine <a href=\"https:\/\/luxinnovation.lu\/fr-lu\/resources\/cartographie-ecosysteme-facilitateurs-durabilite-luxembourg\">Kartierung von Nachhaltigkeitsf\u00f6rderern<\/a> erstellt, die den \u00dcbergang zu mehr Nachhaltigkeit durch Innovation unterst\u00fctzen k\u00f6nnen.<\/p>\n<\/div><\/div><\/div><\/div><\/div>\n\n<div class=\"bloc-contenuflex\"><div class=\"wrapper\"><div class=\"row\"><div class=\"col-xs-12\"><div class=\"bloc-contenuflex-title\"><h3>Praktischer Leitfaden f\u00fcr die Installation von Solarmodulen<\/h3><\/div><div class=\"bloc-contenuflex-text\"><p>Klima-Agence hat au\u00dferdem einen praktischen Leitfaden f\u00fcr die Installation von Solarmodulen entwickelt, in dem die notwendigen Schritte zur Realisierung eines solchen Projekts sowie die verschiedenen Aufgaben und Rollen der verschiedenen Beteiligten detailliert beschrieben werden. Dar\u00fcber hinaus werden Links zu n\u00fctzlichen Websites f\u00fcr den Installationsprozess von Solarmodulen bereitgestellt. Wir empfehlen Ihnen, diesen Leitfaden herunterzuladen und mit Ihren B\u00fcrgern zu teilen.<\/p>\n<\/div><div class=\"bloc-contenuflex-button\"><a href=\"https:\/\/solarchallenge.lu\/wp-content\/uploads\/2024\/11\/Fiche-Pratique_Installation_Panneaux_Photovoltaiques_DE_VF.pdf\" target=\"_blank\" class=\"button\">Den Leitfaden herunterladen<\/a><\/div><\/div><\/div><\/div><\/div>\n\n<div class=\"bloc-contenuflex\"><div class=\"wrapper\"><div class=\"row\"><div class=\"col-xs-12\"><div class=\"bloc-contenuflex-title\"><h3>Checkliste &#8222;PV-Ready&#8220;<\/h3><\/div><div class=\"bloc-contenuflex-text\"><p>Die \u201e<strong>PV-Ready\u201c-Checkliste<\/strong> bietet Gemeinden eine M\u00f6glichkeit, ihr bestehendes Engagement f\u00fcr Photovoltaik auf verschiedenen Ebenen selbst zu bewerten, und bietet au\u00dferdem weiterf\u00fchrende Informationen zu Bereichen, in denen Verbesserungen m\u00f6glich sind.<\/p>\n<\/div><div class=\"bloc-contenuflex-button\"><a href=\"https:\/\/www.dropbox.com\/scl\/fi\/zrxrx9aaaw1fbk0qhwrc2\/Checkl-scht-PV-READY_Klima-Agence.xlsm?rlkey=vge6zlts9iy0yr31th8mmo7mx&#038;st=jqonjgcu&#038;dl=0\" target=\"_blank\" class=\"button\">Die Checkliste &#8222;PV-Ready&#8220; herunterladen<\/a><\/div><\/div><\/div><\/div><\/div>","protected":false},"excerpt":{"rendered":"","protected":false},"author":1,"featured_media":0,"parent":0,"menu_order":0,"comment_status":"closed","ping_status":"closed","template":"","meta":{"_acf_changed":false,"footnotes":""},"class_list":["post-341","page","type-page","status-publish","hentry"],"acf":[],"_links":{"self":[{"href":"https:\/\/solarchallenge.lu\/de\/wp-json\/wp\/v2\/pages\/341","targetHints":{"allow":["GET"]}}],"collection":[{"href":"https:\/\/solarchallenge.lu\/de\/wp-json\/wp\/v2\/pages"}],"about":[{"href":"https:\/\/solarchallenge.lu\/de\/wp-json\/wp\/v2\/types\/page"}],"author":[{"embeddable":true,"href":"https:\/\/solarchallenge.lu\/de\/wp-json\/wp\/v2\/users\/1"}],"replies":[{"embeddable":true,"href":"https:\/\/solarchallenge.lu\/de\/wp-json\/wp\/v2\/comments?post=341"}],"version-history":[{"count":11,"href":"https:\/\/solarchallenge.lu\/de\/wp-json\/wp\/v2\/pages\/341\/revisions"}],"predecessor-version":[{"id":1849,"href":"https:\/\/solarchallenge.lu\/de\/wp-json\/wp\/v2\/pages\/341\/revisions\/1849"}],"wp:attachment":[{"href":"https:\/\/solarchallenge.lu\/de\/wp-json\/wp\/v2\/media?parent=341"}],"curies":[{"name":"wp","href":"https:\/\/api.w.org\/{rel}","templated":true}]}}